{"id":18,"date":"2025-01-28T23:34:22","date_gmt":"2025-01-28T23:34:22","guid":{"rendered":"https:\/\/www.zagis.com\/?page_id=18"},"modified":"2025-05-07T19:35:47","modified_gmt":"2025-05-07T19:35:47","slug":"instalaciones","status":"publish","type":"page","link":"https:\/\/www.zagis.com\/en\/instalaciones\/","title":{"rendered":"Our Mills"},"content":{"rendered":"<div data-elementor-type=\"wp-page\" data-elementor-id=\"18\" class=\"elementor elementor-18\" data-elementor-post-type=\"page\">\n\t\t\t\t<div class=\"elementor-element elementor-element-cbcab8e e-con-full e-flex e-con e-parent\" data-id=\"cbcab8e\" data-element_type=\"container\">\n\t\t\t\t<div class=\"elementor-element elementor-element-b5a046b elementor-widget elementor-widget-image\" data-id=\"b5a046b\" data-element_type=\"widget\" data-widget_type=\"image.default\">\n\t\t\t\t<div class=\"elementor-widget-container\">\n\t\t\t\t\t\t\t\t\t\t\t\t\t\t\t<img fetchpriority=\"high\" decoding=\"async\" width=\"1600\" height=\"491\" src=\"https:\/\/www.zagis.com\/wp-content\/uploads\/2025\/04\/banner-facilities.webp\" class=\"attachment-full size-full wp-image-381\" alt=\"\" srcset=\"https:\/\/www.zagis.com\/wp-content\/uploads\/2025\/04\/banner-facilities.webp 1600w, https:\/\/www.zagis.com\/wp-content\/uploads\/2025\/04\/banner-facilities-300x92.webp 300w, https:\/\/www.zagis.com\/wp-content\/uploads\/2025\/04\/banner-facilities-1024x314.webp 1024w, https:\/\/www.zagis.com\/wp-content\/uploads\/2025\/04\/banner-facilities-768x236.webp 768w, https:\/\/www.zagis.com\/wp-content\/uploads\/2025\/04\/banner-facilities-1536x471.webp 1536w, https:\/\/www.zagis.com\/wp-content\/uploads\/2025\/04\/banner-facilities-18x6.webp 18w\" sizes=\"(max-width: 1600px) 100vw, 1600px\" \/>\t\t\t\t\t\t\t\t\t\t\t\t\t\t\t<\/div>\n\t\t\t\t<\/div>\n\t\t\t\t<\/div>\n\t\t<div class=\"elementor-element elementor-element-15f4efd e-flex e-con-boxed e-con e-parent\" data-id=\"15f4efd\" data-element_type=\"container\">\n\t\t\t\t\t<div class=\"e-con-inner\">\n\t\t\t\t<div class=\"elementor-element elementor-element-e872d8f elementor-widget elementor-widget-heading\" data-id=\"e872d8f\" data-element_type=\"widget\" data-widget_type=\"heading.default\">\n\t\t\t\t<div class=\"elementor-widget-container\">\n\t\t\t\t\t<h2 class=\"elementor-heading-title elementor-size-default\">We have 13 production mills in Mexico.<\/h2>\t\t\t\t<\/div>\n\t\t\t\t<\/div>\n\t\t\t\t<div class=\"elementor-element elementor-element-1443137 elementor-widget elementor-widget-heading\" data-id=\"1443137\" data-element_type=\"widget\" data-widget_type=\"heading.default\">\n\t\t\t\t<div class=\"elementor-widget-container\">\n\t\t\t\t\t<p class=\"elementor-heading-title elementor-size-default\">The capacity of our factories allows us to produce up to 200 tons of yarn and 20 tons of fabric per day. The location and regulation of our facilities comply with the requirements of the current international treaties of Mexico like USMCA and others worldwide.<\/p>\t\t\t\t<\/div>\n\t\t\t\t<\/div>\n\t\t<div class=\"elementor-element elementor-element-6d01792 e-con-full e-flex e-con e-child\" data-id=\"6d01792\" data-element_type=\"container\">\n\t\t<div class=\"elementor-element elementor-element-9bc9579 e-con-full e-transform e-flex e-con e-child\" data-id=\"9bc9579\" data-element_type=\"container\" data-settings=\"{&quot;background_background&quot;:&quot;classic&quot;,&quot;_transform_scale_effect_hover&quot;:{&quot;unit&quot;:&quot;px&quot;,&quot;size&quot;:1.02,&quot;sizes&quot;:[]},&quot;_transform_scale_effect_hover_tablet&quot;:{&quot;unit&quot;:&quot;px&quot;,&quot;size&quot;:&quot;&quot;,&quot;sizes&quot;:[]},&quot;_transform_scale_effect_hover_mobile&quot;:{&quot;unit&quot;:&quot;px&quot;,&quot;size&quot;:&quot;&quot;,&quot;sizes&quot;:[]}}\">\n\t\t\t\t<div class=\"elementor-element elementor-element-d0defee elementor-widget__width-initial elementor-widget elementor-widget-heading\" data-id=\"d0defee\" data-element_type=\"widget\" data-widget_type=\"heading.default\">\n\t\t\t\t<div class=\"elementor-widget-container\">\n\t\t\t\t\t<h3 class=\"elementor-heading-title elementor-size-default\">RING\nSPUN<\/h3>\t\t\t\t<\/div>\n\t\t\t\t<\/div>\n\t\t\t\t<\/div>\n\t\t<div class=\"elementor-element elementor-element-ce71e42 e-con-full e-transform e-flex e-con e-child\" data-id=\"ce71e42\" data-element_type=\"container\" data-settings=\"{&quot;background_background&quot;:&quot;classic&quot;,&quot;_transform_scale_effect_hover&quot;:{&quot;unit&quot;:&quot;px&quot;,&quot;size&quot;:1.02,&quot;sizes&quot;:[]},&quot;_transform_scale_effect_hover_tablet&quot;:{&quot;unit&quot;:&quot;px&quot;,&quot;size&quot;:&quot;&quot;,&quot;sizes&quot;:[]},&quot;_transform_scale_effect_hover_mobile&quot;:{&quot;unit&quot;:&quot;px&quot;,&quot;size&quot;:&quot;&quot;,&quot;sizes&quot;:[]}}\">\n\t\t\t\t<div class=\"elementor-element elementor-element-5ffe1f3 elementor-widget__width-initial elementor-widget elementor-widget-heading\" data-id=\"5ffe1f3\" data-element_type=\"widget\" data-widget_type=\"heading.default\">\n\t\t\t\t<div class=\"elementor-widget-container\">\n\t\t\t\t\t<h3 class=\"elementor-heading-title elementor-size-default\">Open\nend<\/h3>\t\t\t\t<\/div>\n\t\t\t\t<\/div>\n\t\t\t\t<\/div>\n\t\t<div class=\"elementor-element elementor-element-e39d335 e-con-full e-transform e-flex e-con e-child\" data-id=\"e39d335\" data-element_type=\"container\" data-settings=\"{&quot;background_background&quot;:&quot;classic&quot;,&quot;_transform_scale_effect_hover&quot;:{&quot;unit&quot;:&quot;px&quot;,&quot;size&quot;:1.02,&quot;sizes&quot;:[]},&quot;_transform_scale_effect_hover_tablet&quot;:{&quot;unit&quot;:&quot;px&quot;,&quot;size&quot;:&quot;&quot;,&quot;sizes&quot;:[]},&quot;_transform_scale_effect_hover_mobile&quot;:{&quot;unit&quot;:&quot;px&quot;,&quot;size&quot;:&quot;&quot;,&quot;sizes&quot;:[]}}\">\n\t\t\t\t<div class=\"elementor-element elementor-element-517d6b4 elementor-widget__width-initial elementor-widget elementor-widget-heading\" data-id=\"517d6b4\" data-element_type=\"widget\" data-widget_type=\"heading.default\">\n\t\t\t\t<div class=\"elementor-widget-container\">\n\t\t\t\t\t<h3 class=\"elementor-heading-title elementor-size-default\">vortex<\/h3>\t\t\t\t<\/div>\n\t\t\t\t<\/div>\n\t\t\t\t<\/div>\n\t\t<div class=\"elementor-element elementor-element-5bc86d4 e-con-full e-transform e-flex e-con e-child\" data-id=\"5bc86d4\" data-element_type=\"container\" data-settings=\"{&quot;background_background&quot;:&quot;classic&quot;,&quot;_transform_scale_effect_hover&quot;:{&quot;unit&quot;:&quot;px&quot;,&quot;size&quot;:1.02,&quot;sizes&quot;:[]},&quot;_transform_scale_effect_hover_tablet&quot;:{&quot;unit&quot;:&quot;px&quot;,&quot;size&quot;:&quot;&quot;,&quot;sizes&quot;:[]},&quot;_transform_scale_effect_hover_mobile&quot;:{&quot;unit&quot;:&quot;px&quot;,&quot;size&quot;:&quot;&quot;,&quot;sizes&quot;:[]}}\">\n\t\t\t\t<div class=\"elementor-element elementor-element-5a00975 elementor-widget__width-initial elementor-widget elementor-widget-heading\" data-id=\"5a00975\" data-element_type=\"widget\" data-widget_type=\"heading.default\">\n\t\t\t\t<div class=\"elementor-widget-container\">\n\t\t\t\t\t<h3 class=\"elementor-heading-title elementor-size-default\">Knitting<\/h3>\t\t\t\t<\/div>\n\t\t\t\t<\/div>\n\t\t\t\t<\/div>\n\t\t<div class=\"elementor-element elementor-element-9cefe3f e-con-full e-transform e-flex e-con e-child\" data-id=\"9cefe3f\" data-element_type=\"container\" data-settings=\"{&quot;background_background&quot;:&quot;classic&quot;,&quot;_transform_scale_effect_hover&quot;:{&quot;unit&quot;:&quot;px&quot;,&quot;size&quot;:1.02,&quot;sizes&quot;:[]},&quot;_transform_scale_effect_hover_tablet&quot;:{&quot;unit&quot;:&quot;px&quot;,&quot;size&quot;:&quot;&quot;,&quot;sizes&quot;:[]},&quot;_transform_scale_effect_hover_mobile&quot;:{&quot;unit&quot;:&quot;px&quot;,&quot;size&quot;:&quot;&quot;,&quot;sizes&quot;:[]}}\">\n\t\t\t\t<div class=\"elementor-element elementor-element-2f205f1 elementor-widget__width-initial elementor-widget elementor-widget-heading\" data-id=\"2f205f1\" data-element_type=\"widget\" data-widget_type=\"heading.default\">\n\t\t\t\t<div class=\"elementor-widget-container\">\n\t\t\t\t\t<h3 class=\"elementor-heading-title elementor-size-default\">Dyeing<\/h3>\t\t\t\t<\/div>\n\t\t\t\t<\/div>\n\t\t\t\t<\/div>\n\t\t<div class=\"elementor-element elementor-element-1b3ad16 e-con-full e-transform e-flex e-con e-child\" data-id=\"1b3ad16\" data-element_type=\"container\" data-settings=\"{&quot;background_background&quot;:&quot;classic&quot;,&quot;_transform_scale_effect_hover&quot;:{&quot;unit&quot;:&quot;px&quot;,&quot;size&quot;:1.02,&quot;sizes&quot;:[]},&quot;_transform_scale_effect_hover_tablet&quot;:{&quot;unit&quot;:&quot;px&quot;,&quot;size&quot;:&quot;&quot;,&quot;sizes&quot;:[]},&quot;_transform_scale_effect_hover_mobile&quot;:{&quot;unit&quot;:&quot;px&quot;,&quot;size&quot;:&quot;&quot;,&quot;sizes&quot;:[]}}\">\n\t\t\t\t<div class=\"elementor-element elementor-element-43e651b elementor-widget__width-initial elementor-widget elementor-widget-heading\" data-id=\"43e651b\" data-element_type=\"widget\" data-widget_type=\"heading.default\">\n\t\t\t\t<div class=\"elementor-widget-container\">\n\t\t\t\t\t<h3 class=\"elementor-heading-title elementor-size-default\">Printing<\/h3>\t\t\t\t<\/div>\n\t\t\t\t<\/div>\n\t\t\t\t<\/div>\n\t\t\t\t<\/div>\n\t\t\t\t\t<\/div>\n\t\t\t\t<\/div>\n\t\t\t\t<\/div>","protected":false},"excerpt":{"rendered":"<p>Zagis cuenta con 13 plantas productivas en M\u00e9xico. La capacidad de nuestras plantas nos permite producir hasta 200 toneladas diarias de Hilo y 20 toneladas diarias de Tela. La localizaci\u00f3n y reglamentaci\u00f3n de nuestras instalaciones cumplen con los requisitos de los tratados internacionales como el T-MEC. RING SPUN Open end vortex tejido te\u00f1ido estampado<\/p>","protected":false},"author":1,"featured_media":0,"parent":0,"menu_order":0,"comment_status":"closed","ping_status":"closed","template":"","meta":{"footnotes":""},"class_list":["post-18","page","type-page","status-publish","hentry"],"yoast_head":"<!-- This site is optimized with the Yoast SEO plugin v25.0 - https:\/\/yoast.com\/wordpress\/plugins\/seo\/ -->\n<title>Instalaciones - Zagis<\/title>\n<meta name=\"description\" content=\"Descubre nuestras instalaciones de \u00faltima generaci\u00f3n, dise\u00f1adas para garantizar eficiencia, calidad y sostenibilidad.\" \/>\n<meta name=\"robots\" content=\"index, follow, max-snippet:-1, max-image-preview:large, max-video-preview:-1\" \/>\n<link rel=\"canonical\" href=\"https:\/\/www.zagis.com\/en\/instalaciones\/\" \/>\n<meta property=\"og:locale\" content=\"en_US\" \/>\n<meta property=\"og:type\" content=\"article\" \/>\n<meta property=\"og:title\" content=\"Instalaciones - Zagis\" \/>\n<meta property=\"og:description\" content=\"Descubre nuestras instalaciones de \u00faltima generaci\u00f3n, dise\u00f1adas para garantizar eficiencia, calidad y sostenibilidad.\" \/>\n<meta property=\"og:url\" content=\"https:\/\/www.zagis.com\/en\/instalaciones\/\" \/>\n<meta property=\"og:site_name\" content=\"Zagis\" \/>\n<meta property=\"article:modified_time\" content=\"2025-05-07T19:35:47+00:00\" \/>\n<meta property=\"og:image\" content=\"https:\/\/www.zagis.com\/wp-content\/uploads\/2025\/04\/banner-instalaciones.webp\" \/>\n<meta name=\"twitter:card\" content=\"summary_large_image\" \/>\n<meta name=\"twitter:label1\" content=\"Est. reading time\" \/>\n\t<meta name=\"twitter:data1\" content=\"1 minute\" \/>\n<script type=\"application\/ld+json\" class=\"yoast-schema-graph\">{\"@context\":\"https:\/\/schema.org\",\"@graph\":[{\"@type\":\"WebPage\",\"@id\":\"https:\/\/www.zagis.com\/instalaciones\/\",\"url\":\"https:\/\/www.zagis.com\/instalaciones\/\",\"name\":\"Instalaciones - Zagis\",\"isPartOf\":{\"@id\":\"https:\/\/www.zagis.com\/#website\"},\"primaryImageOfPage\":{\"@id\":\"https:\/\/www.zagis.com\/instalaciones\/#primaryimage\"},\"image\":{\"@id\":\"https:\/\/www.zagis.com\/instalaciones\/#primaryimage\"},\"thumbnailUrl\":\"https:\/\/www.zagis.com\/wp-content\/uploads\/2025\/04\/banner-instalaciones.webp\",\"datePublished\":\"2025-01-28T23:34:22+00:00\",\"dateModified\":\"2025-05-07T19:35:47+00:00\",\"description\":\"Descubre nuestras instalaciones de \u00faltima generaci\u00f3n, dise\u00f1adas para garantizar eficiencia, calidad y sostenibilidad.\",\"breadcrumb\":{\"@id\":\"https:\/\/www.zagis.com\/instalaciones\/#breadcrumb\"},\"inLanguage\":\"en-US\",\"potentialAction\":[{\"@type\":\"ReadAction\",\"target\":[\"https:\/\/www.zagis.com\/instalaciones\/\"]}]},{\"@type\":\"ImageObject\",\"inLanguage\":\"en-US\",\"@id\":\"https:\/\/www.zagis.com\/instalaciones\/#primaryimage\",\"url\":\"https:\/\/www.zagis.com\/wp-content\/uploads\/2025\/04\/banner-instalaciones.webp\",\"contentUrl\":\"https:\/\/www.zagis.com\/wp-content\/uploads\/2025\/04\/banner-instalaciones.webp\"},{\"@type\":\"BreadcrumbList\",\"@id\":\"https:\/\/www.zagis.com\/instalaciones\/#breadcrumb\",\"itemListElement\":[{\"@type\":\"ListItem\",\"position\":1,\"name\":\"Portada\",\"item\":\"https:\/\/www.zagis.com\/\"},{\"@type\":\"ListItem\",\"position\":2,\"name\":\"Instalaciones\"}]},{\"@type\":\"WebSite\",\"@id\":\"https:\/\/www.zagis.com\/#website\",\"url\":\"https:\/\/www.zagis.com\/\",\"name\":\"Zagis\",\"description\":\"Hilamos al Mundo\",\"publisher\":{\"@id\":\"https:\/\/www.zagis.com\/#organization\"},\"potentialAction\":[{\"@type\":\"SearchAction\",\"target\":{\"@type\":\"EntryPoint\",\"urlTemplate\":\"https:\/\/www.zagis.com\/?s={search_term_string}\"},\"query-input\":{\"@type\":\"PropertyValueSpecification\",\"valueRequired\":true,\"valueName\":\"search_term_string\"}}],\"inLanguage\":\"en-US\"},{\"@type\":\"Organization\",\"@id\":\"https:\/\/www.zagis.com\/#organization\",\"name\":\"Zagis\",\"url\":\"https:\/\/www.zagis.com\/\",\"logo\":{\"@type\":\"ImageObject\",\"inLanguage\":\"en-US\",\"@id\":\"https:\/\/www.zagis.com\/#\/schema\/logo\/image\/\",\"url\":\"https:\/\/www.zagis.com\/wp-content\/uploads\/2025\/01\/logotipo-zagis@4x.png\",\"contentUrl\":\"https:\/\/www.zagis.com\/wp-content\/uploads\/2025\/01\/logotipo-zagis@4x.png\",\"width\":1153,\"height\":318,\"caption\":\"Zagis\"},\"image\":{\"@id\":\"https:\/\/www.zagis.com\/#\/schema\/logo\/image\/\"}}]}<\/script>\n<!-- \/ Yoast SEO plugin. -->","yoast_head_json":{"title":"Instalaciones - Zagis","description":"Descubre nuestras instalaciones de \u00faltima generaci\u00f3n, dise\u00f1adas para garantizar eficiencia, calidad y sostenibilidad.","robots":{"index":"index","follow":"follow","max-snippet":"max-snippet:-1","max-image-preview":"max-image-preview:large","max-video-preview":"max-video-preview:-1"},"canonical":"https:\/\/www.zagis.com\/en\/instalaciones\/","og_locale":"en_US","og_type":"article","og_title":"Instalaciones - Zagis","og_description":"Descubre nuestras instalaciones de \u00faltima generaci\u00f3n, dise\u00f1adas para garantizar eficiencia, calidad y sostenibilidad.","og_url":"https:\/\/www.zagis.com\/en\/instalaciones\/","og_site_name":"Zagis","article_modified_time":"2025-05-07T19:35:47+00:00","og_image":[{"url":"https:\/\/www.zagis.com\/wp-content\/uploads\/2025\/04\/banner-instalaciones.webp","type":"","width":"","height":""}],"twitter_card":"summary_large_image","twitter_misc":{"Est. reading time":"1 minute"},"schema":{"@context":"https:\/\/schema.org","@graph":[{"@type":"WebPage","@id":"https:\/\/www.zagis.com\/instalaciones\/","url":"https:\/\/www.zagis.com\/instalaciones\/","name":"Instalaciones - Zagis","isPartOf":{"@id":"https:\/\/www.zagis.com\/#website"},"primaryImageOfPage":{"@id":"https:\/\/www.zagis.com\/instalaciones\/#primaryimage"},"image":{"@id":"https:\/\/www.zagis.com\/instalaciones\/#primaryimage"},"thumbnailUrl":"https:\/\/www.zagis.com\/wp-content\/uploads\/2025\/04\/banner-instalaciones.webp","datePublished":"2025-01-28T23:34:22+00:00","dateModified":"2025-05-07T19:35:47+00:00","description":"Descubre nuestras instalaciones de \u00faltima generaci\u00f3n, dise\u00f1adas para garantizar eficiencia, calidad y sostenibilidad.","breadcrumb":{"@id":"https:\/\/www.zagis.com\/instalaciones\/#breadcrumb"},"inLanguage":"en-US","potentialAction":[{"@type":"ReadAction","target":["https:\/\/www.zagis.com\/instalaciones\/"]}]},{"@type":"ImageObject","inLanguage":"en-US","@id":"https:\/\/www.zagis.com\/instalaciones\/#primaryimage","url":"https:\/\/www.zagis.com\/wp-content\/uploads\/2025\/04\/banner-instalaciones.webp","contentUrl":"https:\/\/www.zagis.com\/wp-content\/uploads\/2025\/04\/banner-instalaciones.webp"},{"@type":"BreadcrumbList","@id":"https:\/\/www.zagis.com\/instalaciones\/#breadcrumb","itemListElement":[{"@type":"ListItem","position":1,"name":"Portada","item":"https:\/\/www.zagis.com\/"},{"@type":"ListItem","position":2,"name":"Instalaciones"}]},{"@type":"WebSite","@id":"https:\/\/www.zagis.com\/#website","url":"https:\/\/www.zagis.com\/","name":"Zagis","description":"Hilamos al Mundo","publisher":{"@id":"https:\/\/www.zagis.com\/#organization"},"potentialAction":[{"@type":"SearchAction","target":{"@type":"EntryPoint","urlTemplate":"https:\/\/www.zagis.com\/?s={search_term_string}"},"query-input":{"@type":"PropertyValueSpecification","valueRequired":true,"valueName":"search_term_string"}}],"inLanguage":"en-US"},{"@type":"Organization","@id":"https:\/\/www.zagis.com\/#organization","name":"Zagis","url":"https:\/\/www.zagis.com\/","logo":{"@type":"ImageObject","inLanguage":"en-US","@id":"https:\/\/www.zagis.com\/#\/schema\/logo\/image\/","url":"https:\/\/www.zagis.com\/wp-content\/uploads\/2025\/01\/logotipo-zagis@4x.png","contentUrl":"https:\/\/www.zagis.com\/wp-content\/uploads\/2025\/01\/logotipo-zagis@4x.png","width":1153,"height":318,"caption":"Zagis"},"image":{"@id":"https:\/\/www.zagis.com\/#\/schema\/logo\/image\/"}}]}},"_links":{"self":[{"href":"https:\/\/www.zagis.com\/en\/wp-json\/wp\/v2\/pages\/18","targetHints":{"allow":["GET"]}}],"collection":[{"href":"https:\/\/www.zagis.com\/en\/wp-json\/wp\/v2\/pages"}],"about":[{"href":"https:\/\/www.zagis.com\/en\/wp-json\/wp\/v2\/types\/page"}],"author":[{"embeddable":true,"href":"https:\/\/www.zagis.com\/en\/wp-json\/wp\/v2\/users\/1"}],"replies":[{"embeddable":true,"href":"https:\/\/www.zagis.com\/en\/wp-json\/wp\/v2\/comments?post=18"}],"version-history":[{"count":13,"href":"https:\/\/www.zagis.com\/en\/wp-json\/wp\/v2\/pages\/18\/revisions"}],"predecessor-version":[{"id":400,"href":"https:\/\/www.zagis.com\/en\/wp-json\/wp\/v2\/pages\/18\/revisions\/400"}],"wp:attachment":[{"href":"https:\/\/www.zagis.com\/en\/wp-json\/wp\/v2\/media?parent=18"}],"curies":[{"name":"wp","href":"https:\/\/api.w.org\/{rel}","templated":true}]}}