{"id":20,"date":"2025-01-28T23:34:29","date_gmt":"2025-01-28T23:34:29","guid":{"rendered":"https:\/\/www.zagis.com\/?page_id=20"},"modified":"2025-05-07T19:35:39","modified_gmt":"2025-05-07T19:35:39","slug":"medio-ambiente","status":"publish","type":"page","link":"https:\/\/www.zagis.com\/en\/medio-ambiente\/","title":{"rendered":"Environment"},"content":{"rendered":"<div data-elementor-type=\"wp-page\" data-elementor-id=\"20\" class=\"elementor elementor-20\" data-elementor-post-type=\"page\">\n\t\t\t\t<div class=\"elementor-element elementor-element-a6199c4 e-con-full e-flex e-con e-parent\" data-id=\"a6199c4\" data-element_type=\"container\">\n\t\t\t\t<div class=\"elementor-element elementor-element-67d57ac elementor-widget elementor-widget-image\" data-id=\"67d57ac\" data-element_type=\"widget\" data-widget_type=\"image.default\">\n\t\t\t\t<div class=\"elementor-widget-container\">\n\t\t\t\t\t\t\t\t\t\t\t\t\t\t\t<img fetchpriority=\"high\" decoding=\"async\" width=\"2400\" height=\"737\" src=\"https:\/\/www.zagis.com\/wp-content\/uploads\/2025\/02\/Enviromental-scaled.webp\" class=\"attachment-full size-full wp-image-307\" alt=\"\" srcset=\"https:\/\/www.zagis.com\/wp-content\/uploads\/2025\/02\/Enviromental-scaled.webp 2560w, https:\/\/www.zagis.com\/wp-content\/uploads\/2025\/02\/Enviromental-300x92.webp 300w, https:\/\/www.zagis.com\/wp-content\/uploads\/2025\/02\/Enviromental-1024x315.webp 1024w, https:\/\/www.zagis.com\/wp-content\/uploads\/2025\/02\/Enviromental-768x236.webp 768w, https:\/\/www.zagis.com\/wp-content\/uploads\/2025\/02\/Enviromental-1536x472.webp 1536w, https:\/\/www.zagis.com\/wp-content\/uploads\/2025\/02\/Enviromental-2048x630.webp 2048w, https:\/\/www.zagis.com\/wp-content\/uploads\/2025\/02\/Enviromental-18x6.webp 18w\" sizes=\"(max-width: 2400px) 100vw, 2400px\" \/>\t\t\t\t\t\t\t\t\t\t\t\t\t\t\t<\/div>\n\t\t\t\t<\/div>\n\t\t\t\t<\/div>\n\t\t<div class=\"elementor-element elementor-element-6f228d2 e-flex e-con-boxed e-con e-parent\" data-id=\"6f228d2\" data-element_type=\"container\">\n\t\t\t\t\t<div class=\"e-con-inner\">\n\t\t\t\t<div class=\"elementor-element elementor-element-521c31c elementor-widget elementor-widget-heading\" data-id=\"521c31c\" data-element_type=\"widget\" data-widget_type=\"heading.default\">\n\t\t\t\t<div class=\"elementor-widget-container\">\n\t\t\t\t\t<h2 class=\"elementor-heading-title elementor-size-default\">We are a highly committed company to the environment<\/h2>\t\t\t\t<\/div>\n\t\t\t\t<\/div>\n\t\t\t\t<div class=\"elementor-element elementor-element-dac726e elementor-widget elementor-widget-heading\" data-id=\"dac726e\" data-element_type=\"widget\" data-widget_type=\"heading.default\">\n\t\t\t\t<div class=\"elementor-widget-container\">\n\t\t\t\t\t<p class=\"elementor-heading-title elementor-size-default\">and therefore since 2020 all the energy consumption we use is 100% renewable. We also seek to recycle as much as possible, making us one of the most nature-friendly companies in the country.\n\n<\/p>\t\t\t\t<\/div>\n\t\t\t\t<\/div>\n\t\t\t\t<div class=\"elementor-element elementor-element-beb1db4 elementor-widget elementor-widget-image\" data-id=\"beb1db4\" data-element_type=\"widget\" data-widget_type=\"image.default\">\n\t\t\t\t<div class=\"elementor-widget-container\">\n\t\t\t\t\t\t\t\t\t\t\t\t\t\t\t<img decoding=\"async\" width=\"800\" height=\"459\" src=\"https:\/\/www.zagis.com\/wp-content\/uploads\/2025\/01\/M52Fkz@3x-1024x588.webp\" class=\"attachment-large size-large wp-image-208\" alt=\"\" srcset=\"https:\/\/www.zagis.com\/wp-content\/uploads\/2025\/01\/M52Fkz@3x-1024x588.webp 1024w, https:\/\/www.zagis.com\/wp-content\/uploads\/2025\/01\/M52Fkz@3x-300x172.webp 300w, https:\/\/www.zagis.com\/wp-content\/uploads\/2025\/01\/M52Fkz@3x-768x441.webp 768w, https:\/\/www.zagis.com\/wp-content\/uploads\/2025\/01\/M52Fkz@3x.webp 1343w\" sizes=\"(max-width: 800px) 100vw, 800px\" \/>\t\t\t\t\t\t\t\t\t\t\t\t\t\t\t<\/div>\n\t\t\t\t<\/div>\n\t\t\t\t\t<\/div>\n\t\t\t\t<\/div>\n\t\t\t\t<\/div>","protected":false},"excerpt":{"rendered":"<p>Somos una compa\u00f1\u00eda altamente comprometida con el medio ambiente Y por ende desde el 2020 todo el consumo de energ\u00eda que utilizamos es 100% renovable. Asimismo, buscamos reciclar al m\u00e1ximo posible todos los desperdicios de nuestros procesos logrando ser una de las empresas m\u00e1s amigables con la naturaleza del pa\u00eds.<\/p>","protected":false},"author":1,"featured_media":0,"parent":0,"menu_order":0,"comment_status":"closed","ping_status":"closed","template":"","meta":{"footnotes":""},"class_list":["post-20","page","type-page","status-publish","hentry"],"yoast_head":"<!-- This site is optimized with the Yoast SEO plugin v25.0 - https:\/\/yoast.com\/wordpress\/plugins\/seo\/ -->\n<title>Medio Ambiente - Zagis<\/title>\n<meta name=\"description\" content=\"En Zagis nos comprometemos con el planeta mediante procesos sostenibles e innovaci\u00f3n ecol\u00f3gica en la industria textil.\" \/>\n<meta name=\"robots\" content=\"index, follow, max-snippet:-1, max-image-preview:large, max-video-preview:-1\" \/>\n<link rel=\"canonical\" href=\"https:\/\/www.zagis.com\/en\/medio-ambiente\/\" \/>\n<meta property=\"og:locale\" content=\"en_US\" \/>\n<meta property=\"og:type\" content=\"article\" \/>\n<meta property=\"og:title\" content=\"Medio Ambiente - Zagis\" \/>\n<meta property=\"og:description\" content=\"En Zagis nos comprometemos con el planeta mediante procesos sostenibles e innovaci\u00f3n ecol\u00f3gica en la industria textil.\" \/>\n<meta property=\"og:url\" content=\"https:\/\/www.zagis.com\/en\/medio-ambiente\/\" \/>\n<meta property=\"og:site_name\" content=\"Zagis\" \/>\n<meta property=\"article:modified_time\" content=\"2025-05-07T19:35:39+00:00\" \/>\n<meta property=\"og:image\" content=\"https:\/\/www.zagis.com\/wp-content\/uploads\/2025\/01\/hero-ambiente.webp\" \/>\n<meta name=\"twitter:card\" content=\"summary_large_image\" \/>\n<meta name=\"twitter:label1\" content=\"Est. reading time\" \/>\n\t<meta name=\"twitter:data1\" content=\"1 minute\" \/>\n<script type=\"application\/ld+json\" class=\"yoast-schema-graph\">{\"@context\":\"https:\/\/schema.org\",\"@graph\":[{\"@type\":\"WebPage\",\"@id\":\"https:\/\/www.zagis.com\/medio-ambiente\/\",\"url\":\"https:\/\/www.zagis.com\/medio-ambiente\/\",\"name\":\"Medio Ambiente - Zagis\",\"isPartOf\":{\"@id\":\"https:\/\/www.zagis.com\/#website\"},\"primaryImageOfPage\":{\"@id\":\"https:\/\/www.zagis.com\/medio-ambiente\/#primaryimage\"},\"image\":{\"@id\":\"https:\/\/www.zagis.com\/medio-ambiente\/#primaryimage\"},\"thumbnailUrl\":\"https:\/\/www.zagis.com\/wp-content\/uploads\/2025\/01\/hero-ambiente.webp\",\"datePublished\":\"2025-01-28T23:34:29+00:00\",\"dateModified\":\"2025-05-07T19:35:39+00:00\",\"description\":\"En Zagis nos comprometemos con el planeta mediante procesos sostenibles e innovaci\u00f3n ecol\u00f3gica en la industria textil.\",\"breadcrumb\":{\"@id\":\"https:\/\/www.zagis.com\/medio-ambiente\/#breadcrumb\"},\"inLanguage\":\"en-US\",\"potentialAction\":[{\"@type\":\"ReadAction\",\"target\":[\"https:\/\/www.zagis.com\/medio-ambiente\/\"]}]},{\"@type\":\"ImageObject\",\"inLanguage\":\"en-US\",\"@id\":\"https:\/\/www.zagis.com\/medio-ambiente\/#primaryimage\",\"url\":\"https:\/\/www.zagis.com\/wp-content\/uploads\/2025\/01\/hero-ambiente.webp\",\"contentUrl\":\"https:\/\/www.zagis.com\/wp-content\/uploads\/2025\/01\/hero-ambiente.webp\"},{\"@type\":\"BreadcrumbList\",\"@id\":\"https:\/\/www.zagis.com\/medio-ambiente\/#breadcrumb\",\"itemListElement\":[{\"@type\":\"ListItem\",\"position\":1,\"name\":\"Portada\",\"item\":\"https:\/\/www.zagis.com\/\"},{\"@type\":\"ListItem\",\"position\":2,\"name\":\"Medio Ambiente\"}]},{\"@type\":\"WebSite\",\"@id\":\"https:\/\/www.zagis.com\/#website\",\"url\":\"https:\/\/www.zagis.com\/\",\"name\":\"Zagis\",\"description\":\"Hilamos al Mundo\",\"publisher\":{\"@id\":\"https:\/\/www.zagis.com\/#organization\"},\"potentialAction\":[{\"@type\":\"SearchAction\",\"target\":{\"@type\":\"EntryPoint\",\"urlTemplate\":\"https:\/\/www.zagis.com\/?s={search_term_string}\"},\"query-input\":{\"@type\":\"PropertyValueSpecification\",\"valueRequired\":true,\"valueName\":\"search_term_string\"}}],\"inLanguage\":\"en-US\"},{\"@type\":\"Organization\",\"@id\":\"https:\/\/www.zagis.com\/#organization\",\"name\":\"Zagis\",\"url\":\"https:\/\/www.zagis.com\/\",\"logo\":{\"@type\":\"ImageObject\",\"inLanguage\":\"en-US\",\"@id\":\"https:\/\/www.zagis.com\/#\/schema\/logo\/image\/\",\"url\":\"https:\/\/www.zagis.com\/wp-content\/uploads\/2025\/01\/logotipo-zagis@4x.png\",\"contentUrl\":\"https:\/\/www.zagis.com\/wp-content\/uploads\/2025\/01\/logotipo-zagis@4x.png\",\"width\":1153,\"height\":318,\"caption\":\"Zagis\"},\"image\":{\"@id\":\"https:\/\/www.zagis.com\/#\/schema\/logo\/image\/\"}}]}<\/script>\n<!-- \/ Yoast SEO plugin. -->","yoast_head_json":{"title":"Medio Ambiente - Zagis","description":"En Zagis nos comprometemos con el planeta mediante procesos sostenibles e innovaci\u00f3n ecol\u00f3gica en la industria textil.","robots":{"index":"index","follow":"follow","max-snippet":"max-snippet:-1","max-image-preview":"max-image-preview:large","max-video-preview":"max-video-preview:-1"},"canonical":"https:\/\/www.zagis.com\/en\/medio-ambiente\/","og_locale":"en_US","og_type":"article","og_title":"Medio Ambiente - Zagis","og_description":"En Zagis nos comprometemos con el planeta mediante procesos sostenibles e innovaci\u00f3n ecol\u00f3gica en la industria textil.","og_url":"https:\/\/www.zagis.com\/en\/medio-ambiente\/","og_site_name":"Zagis","article_modified_time":"2025-05-07T19:35:39+00:00","og_image":[{"url":"https:\/\/www.zagis.com\/wp-content\/uploads\/2025\/01\/hero-ambiente.webp","type":"","width":"","height":""}],"twitter_card":"summary_large_image","twitter_misc":{"Est. reading time":"1 minute"},"schema":{"@context":"https:\/\/schema.org","@graph":[{"@type":"WebPage","@id":"https:\/\/www.zagis.com\/medio-ambiente\/","url":"https:\/\/www.zagis.com\/medio-ambiente\/","name":"Medio Ambiente - Zagis","isPartOf":{"@id":"https:\/\/www.zagis.com\/#website"},"primaryImageOfPage":{"@id":"https:\/\/www.zagis.com\/medio-ambiente\/#primaryimage"},"image":{"@id":"https:\/\/www.zagis.com\/medio-ambiente\/#primaryimage"},"thumbnailUrl":"https:\/\/www.zagis.com\/wp-content\/uploads\/2025\/01\/hero-ambiente.webp","datePublished":"2025-01-28T23:34:29+00:00","dateModified":"2025-05-07T19:35:39+00:00","description":"En Zagis nos comprometemos con el planeta mediante procesos sostenibles e innovaci\u00f3n ecol\u00f3gica en la industria textil.","breadcrumb":{"@id":"https:\/\/www.zagis.com\/medio-ambiente\/#breadcrumb"},"inLanguage":"en-US","potentialAction":[{"@type":"ReadAction","target":["https:\/\/www.zagis.com\/medio-ambiente\/"]}]},{"@type":"ImageObject","inLanguage":"en-US","@id":"https:\/\/www.zagis.com\/medio-ambiente\/#primaryimage","url":"https:\/\/www.zagis.com\/wp-content\/uploads\/2025\/01\/hero-ambiente.webp","contentUrl":"https:\/\/www.zagis.com\/wp-content\/uploads\/2025\/01\/hero-ambiente.webp"},{"@type":"BreadcrumbList","@id":"https:\/\/www.zagis.com\/medio-ambiente\/#breadcrumb","itemListElement":[{"@type":"ListItem","position":1,"name":"Portada","item":"https:\/\/www.zagis.com\/"},{"@type":"ListItem","position":2,"name":"Medio Ambiente"}]},{"@type":"WebSite","@id":"https:\/\/www.zagis.com\/#website","url":"https:\/\/www.zagis.com\/","name":"Zagis","description":"Hilamos al Mundo","publisher":{"@id":"https:\/\/www.zagis.com\/#organization"},"potentialAction":[{"@type":"SearchAction","target":{"@type":"EntryPoint","urlTemplate":"https:\/\/www.zagis.com\/?s={search_term_string}"},"query-input":{"@type":"PropertyValueSpecification","valueRequired":true,"valueName":"search_term_string"}}],"inLanguage":"en-US"},{"@type":"Organization","@id":"https:\/\/www.zagis.com\/#organization","name":"Zagis","url":"https:\/\/www.zagis.com\/","logo":{"@type":"ImageObject","inLanguage":"en-US","@id":"https:\/\/www.zagis.com\/#\/schema\/logo\/image\/","url":"https:\/\/www.zagis.com\/wp-content\/uploads\/2025\/01\/logotipo-zagis@4x.png","contentUrl":"https:\/\/www.zagis.com\/wp-content\/uploads\/2025\/01\/logotipo-zagis@4x.png","width":1153,"height":318,"caption":"Zagis"},"image":{"@id":"https:\/\/www.zagis.com\/#\/schema\/logo\/image\/"}}]}},"_links":{"self":[{"href":"https:\/\/www.zagis.com\/en\/wp-json\/wp\/v2\/pages\/20","targetHints":{"allow":["GET"]}}],"collection":[{"href":"https:\/\/www.zagis.com\/en\/wp-json\/wp\/v2\/pages"}],"about":[{"href":"https:\/\/www.zagis.com\/en\/wp-json\/wp\/v2\/types\/page"}],"author":[{"embeddable":true,"href":"https:\/\/www.zagis.com\/en\/wp-json\/wp\/v2\/users\/1"}],"replies":[{"embeddable":true,"href":"https:\/\/www.zagis.com\/en\/wp-json\/wp\/v2\/comments?post=20"}],"version-history":[{"count":7,"href":"https:\/\/www.zagis.com\/en\/wp-json\/wp\/v2\/pages\/20\/revisions"}],"predecessor-version":[{"id":330,"href":"https:\/\/www.zagis.com\/en\/wp-json\/wp\/v2\/pages\/20\/revisions\/330"}],"wp:attachment":[{"href":"https:\/\/www.zagis.com\/en\/wp-json\/wp\/v2\/media?parent=20"}],"curies":[{"name":"wp","href":"https:\/\/api.w.org\/{rel}","templated":true}]}}