{"id":24,"date":"2025-01-28T23:34:41","date_gmt":"2025-01-28T23:34:41","guid":{"rendered":"https:\/\/www.zagis.com\/?page_id=24"},"modified":"2025-05-07T19:36:08","modified_gmt":"2025-05-07T19:36:08","slug":"contacto","status":"publish","type":"page","link":"https:\/\/www.zagis.com\/en\/contacto\/","title":{"rendered":"Contact us"},"content":{"rendered":"<div data-elementor-type=\"wp-page\" data-elementor-id=\"24\" class=\"elementor elementor-24\" data-elementor-post-type=\"page\">\n\t\t\t\t<div class=\"elementor-element elementor-element-4a03e38 e-con-full e-flex e-con e-parent\" data-id=\"4a03e38\" data-element_type=\"container\">\n\t\t\t\t<div class=\"elementor-element elementor-element-cf7f8cc elementor-widget elementor-widget-image\" data-id=\"cf7f8cc\" data-element_type=\"widget\" data-widget_type=\"image.default\">\n\t\t\t\t<div class=\"elementor-widget-container\">\n\t\t\t\t\t\t\t\t\t\t\t\t\t\t\t<img fetchpriority=\"high\" decoding=\"async\" width=\"2400\" height=\"737\" src=\"https:\/\/www.zagis.com\/wp-content\/uploads\/2025\/02\/Zagis-Web-Contact-scaled.webp\" class=\"attachment-full size-full wp-image-309\" alt=\"\" srcset=\"https:\/\/www.zagis.com\/wp-content\/uploads\/2025\/02\/Zagis-Web-Contact-scaled.webp 2560w, https:\/\/www.zagis.com\/wp-content\/uploads\/2025\/02\/Zagis-Web-Contact-300x93.webp 300w, https:\/\/www.zagis.com\/wp-content\/uploads\/2025\/02\/Zagis-Web-Contact-1024x317.webp 1024w, https:\/\/www.zagis.com\/wp-content\/uploads\/2025\/02\/Zagis-Web-Contact-768x238.webp 768w, https:\/\/www.zagis.com\/wp-content\/uploads\/2025\/02\/Zagis-Web-Contact-1536x475.webp 1536w, https:\/\/www.zagis.com\/wp-content\/uploads\/2025\/02\/Zagis-Web-Contact-2048x634.webp 2048w, https:\/\/www.zagis.com\/wp-content\/uploads\/2025\/02\/Zagis-Web-Contact-18x6.webp 18w\" sizes=\"(max-width: 2400px) 100vw, 2400px\" \/>\t\t\t\t\t\t\t\t\t\t\t\t\t\t\t<\/div>\n\t\t\t\t<\/div>\n\t\t\t\t<\/div>\n\t\t<div class=\"elementor-element elementor-element-02afafa e-flex e-con-boxed e-con e-parent\" data-id=\"02afafa\" data-element_type=\"container\">\n\t\t\t\t\t<div class=\"e-con-inner\">\n\t\t<div class=\"elementor-element elementor-element-42953c6 e-con-full e-flex e-con e-child\" data-id=\"42953c6\" data-element_type=\"container\">\n\t\t\t\t<div class=\"elementor-element elementor-element-14e5447 elementor-button-align-start elementor-widget elementor-widget-form\" data-id=\"14e5447\" data-element_type=\"widget\" data-settings=\"{&quot;step_next_label&quot;:&quot;Siguiente&quot;,&quot;step_previous_label&quot;:&quot;Anterior&quot;,&quot;button_width&quot;:&quot;100&quot;,&quot;step_type&quot;:&quot;number_text&quot;,&quot;step_icon_shape&quot;:&quot;circle&quot;}\" data-widget_type=\"form.default\">\n\t\t\t\t<div class=\"elementor-widget-container\">\n\t\t\t\t\t\t\t<form class=\"elementor-form\" method=\"post\" name=\"Formulario Contacto\" action=\"\">\n\t\t\t<input type=\"hidden\" name=\"post_id\" value=\"24\"\/>\n\t\t\t<input type=\"hidden\" name=\"form_id\" value=\"14e5447\"\/>\n\t\t\t<input type=\"hidden\" name=\"referer_title\" value=\"Contacto - Zagis\" \/>\n\n\t\t\t\t\t\t\t<input type=\"hidden\" name=\"queried_id\" value=\"24\"\/>\n\t\t\t\n\t\t\t<div class=\"elementor-form-fields-wrapper elementor-labels-\">\n\t\t\t\t\t\t\t\t<div class=\"elementor-field-type-text elementor-field-group elementor-column elementor-field-group-name elementor-col-50 elementor-field-required\">\n\t\t\t\t\t\t\t\t\t\t\t\t<label for=\"form-field-name\" class=\"elementor-field-label elementor-screen-only\">\n\t\t\t\t\t\t\t\tName\t\t\t\t\t\t\t<\/label>\n\t\t\t\t\t\t\t\t\t\t\t\t\t\t<input size=\"1\" type=\"text\" name=\"form_fields[name]\" id=\"form-field-name\" class=\"elementor-field elementor-size-sm  elementor-field-textual\" placeholder=\"Name\" required=\"required\">\n\t\t\t\t\t\t\t\t\t\t\t<\/div>\n\t\t\t\t\t\t\t\t<div class=\"elementor-field-type-text elementor-field-group elementor-column elementor-field-group-field_3ff6aa1 elementor-col-50 elementor-field-required\">\n\t\t\t\t\t\t\t\t\t\t\t\t<label for=\"form-field-field_3ff6aa1\" class=\"elementor-field-label elementor-screen-only\">\n\t\t\t\t\t\t\t\tLast Name\t\t\t\t\t\t\t<\/label>\n\t\t\t\t\t\t\t\t\t\t\t\t\t\t<input size=\"1\" type=\"text\" name=\"form_fields[field_3ff6aa1]\" id=\"form-field-field_3ff6aa1\" class=\"elementor-field elementor-size-sm  elementor-field-textual\" placeholder=\"Last Name\" required=\"required\">\n\t\t\t\t\t\t\t\t\t\t\t<\/div>\n\t\t\t\t\t\t\t\t<div class=\"elementor-field-type-tel elementor-field-group elementor-column elementor-field-group-email elementor-col-50 elementor-field-required\">\n\t\t\t\t\t\t\t\t\t\t\t\t<label for=\"form-field-email\" class=\"elementor-field-label elementor-screen-only\">\n\t\t\t\t\t\t\t\tPhone Number\t\t\t\t\t\t\t<\/label>\n\t\t\t\t\t\t\t\t<input size=\"1\" type=\"tel\" name=\"form_fields[email]\" id=\"form-field-email\" class=\"elementor-field elementor-size-sm  elementor-field-textual\" placeholder=\"Phone Number\" required=\"required\" pattern=\"[0-9()#&amp;+*-=.]+\" title=\"Solo se aceptan n\u00fameros y caracteres de tel\u00e9fono (#,-,*,etc).\">\n\n\t\t\t\t\t\t<\/div>\n\t\t\t\t\t\t\t\t<div class=\"elementor-field-type-email elementor-field-group elementor-column elementor-field-group-field_e608c87 elementor-col-50 elementor-field-required\">\n\t\t\t\t\t\t\t\t\t\t\t\t<label for=\"form-field-field_e608c87\" class=\"elementor-field-label elementor-screen-only\">\n\t\t\t\t\t\t\t\tEmail\t\t\t\t\t\t\t<\/label>\n\t\t\t\t\t\t\t\t\t\t\t\t\t\t<input size=\"1\" type=\"email\" name=\"form_fields[field_e608c87]\" id=\"form-field-field_e608c87\" class=\"elementor-field elementor-size-sm  elementor-field-textual\" placeholder=\"Email\" required=\"required\">\n\t\t\t\t\t\t\t\t\t\t\t<\/div>\n\t\t\t\t\t\t\t\t<div class=\"elementor-field-type-textarea elementor-field-group elementor-column elementor-field-group-message elementor-col-100\">\n\t\t\t\t\t\t\t\t\t\t\t\t<label for=\"form-field-message\" class=\"elementor-field-label elementor-screen-only\">\n\t\t\t\t\t\t\t\tMessage\t\t\t\t\t\t\t<\/label>\n\t\t\t\t\t\t<textarea class=\"elementor-field-textual elementor-field  elementor-size-sm\" name=\"form_fields[message]\" id=\"form-field-message\" rows=\"3\" placeholder=\"Message\"><\/textarea>\t\t\t\t<\/div>\n\t\t\t\t\t\t\t\t<div class=\"elementor-field-group elementor-column elementor-field-type-submit elementor-col-100 e-form__buttons\">\n\t\t\t\t\t<button class=\"elementor-button elementor-size-sm\" type=\"submit\">\n\t\t\t\t\t\t<span class=\"elementor-button-content-wrapper\">\n\t\t\t\t\t\t\t\t\t\t\t\t\t\t\t\t\t\t\t\t\t\t<span class=\"elementor-button-text\">Send<\/span>\n\t\t\t\t\t\t\t\t\t\t\t\t\t<\/span>\n\t\t\t\t\t<\/button>\n\t\t\t\t<\/div>\n\t\t\t<\/div>\n\t\t<input type=\"hidden\" name=\"trp-form-language\" value=\"en\"\/><\/form>\n\t\t\t\t\t\t<\/div>\n\t\t\t\t<\/div>\n\t\t\t\t<\/div>\n\t\t<div class=\"elementor-element elementor-element-8515698 e-con-full e-flex e-con e-child\" data-id=\"8515698\" data-element_type=\"container\">\n\t\t\t\t<div class=\"elementor-element elementor-element-b4f9d70 elementor-widget elementor-widget-text-editor\" data-id=\"b4f9d70\" data-element_type=\"widget\" data-widget_type=\"text-editor.default\">\n\t\t\t\t<div class=\"elementor-widget-container\">\n\t\t\t\t\t\t\t\t\t<p><strong>Email:<\/strong> ventas@zagis.com<\/p><p><strong>Phone<\/strong> +52 773-733-9707, +52 773-733-0422<\/p><p><strong>Address<\/strong> Carretera M\u00e9xico \u2013 Quer\u00e9taro Km 69.<br \/>San Mateo, Tepeji Del Rio, Hidalgo. M\u00e9xico. 42853.<\/p><p><strong>For career opportunities send your resume to<\/strong> reclutamiento@zagis.com<\/p>\t\t\t\t\t\t\t\t<\/div>\n\t\t\t\t<\/div>\n\t\t\t\t<\/div>\n\t\t\t\t\t<\/div>\n\t\t\t\t<\/div>\n\t\t<div class=\"elementor-element elementor-element-6b9ab29 e-flex e-con-boxed e-con e-parent\" data-id=\"6b9ab29\" data-element_type=\"container\">\n\t\t\t\t\t<div class=\"e-con-inner\">\n\t\t\t\t<div class=\"elementor-element elementor-element-63bdaf5 elementor-widget elementor-widget-google_maps\" data-id=\"63bdaf5\" data-element_type=\"widget\" data-widget_type=\"google_maps.default\">\n\t\t\t\t<div class=\"elementor-widget-container\">\n\t\t\t\t\t\t\t<div class=\"elementor-custom-embed\">\n\t\t\t<iframe loading=\"lazy\"\n\t\t\t\t\tsrc=\"https:\/\/maps.google.com\/maps?q=Zagis%2C%20San%20Mateo%2C%20Tepeji%20Del%20Rio%2C%20Hidalgo.%20M%C3%A9xico.%2042853&#038;t=m&#038;z=12&#038;output=embed&#038;iwloc=near\"\n\t\t\t\t\ttitle=\"Zagis, San Mateo, Tepeji Del Rio, Hidalgo. M\u00e9xico. 42853\"\n\t\t\t\t\taria-label=\"Zagis, San Mateo, Tepeji Del Rio, Hidalgo. M\u00e9xico. 42853\"\n\t\t\t><\/iframe>\n\t\t<\/div>\n\t\t\t\t\t\t<\/div>\n\t\t\t\t<\/div>\n\t\t\t\t\t<\/div>\n\t\t\t\t<\/div>\n\t\t\t\t<\/div>","protected":false},"excerpt":{"rendered":"<p>Email: ventas@zagis.com Tel\u00e9fonos: +52 773-733-9707, +52 773-733-0422 Direcci\u00f3n: Carretera M\u00e9xico \u2013 Quer\u00e9taro Km 69.San Mateo, Tepeji Del Rio, Hidalgo. M\u00e9xico. 42853. Para contrataciones manda tu curriculum a: reclutamiento@zagis.com<\/p>","protected":false},"author":1,"featured_media":0,"parent":0,"menu_order":0,"comment_status":"closed","ping_status":"closed","template":"","meta":{"footnotes":""},"class_list":["post-24","page","type-page","status-publish","hentry"],"yoast_head":"<!-- This site is optimized with the Yoast SEO plugin v25.0 - https:\/\/yoast.com\/wordpress\/plugins\/seo\/ -->\n<title>Contacto - Zagis<\/title>\n<meta name=\"description\" content=\"\u00bfTienes dudas o necesitas m\u00e1s informaci\u00f3n? Cont\u00e1ctanos hoy mismo. En Zagis estamos para ayudarte.\" \/>\n<meta name=\"robots\" content=\"index, follow, max-snippet:-1, max-image-preview:large, max-video-preview:-1\" \/>\n<link rel=\"canonical\" href=\"https:\/\/www.zagis.com\/en\/contacto\/\" \/>\n<meta property=\"og:locale\" content=\"en_US\" \/>\n<meta property=\"og:type\" content=\"article\" \/>\n<meta property=\"og:title\" content=\"Contacto - Zagis\" \/>\n<meta property=\"og:description\" content=\"\u00bfTienes dudas o necesitas m\u00e1s informaci\u00f3n? Cont\u00e1ctanos hoy mismo. En Zagis estamos para ayudarte.\" \/>\n<meta property=\"og:url\" content=\"https:\/\/www.zagis.com\/en\/contacto\/\" \/>\n<meta property=\"og:site_name\" content=\"Zagis\" \/>\n<meta property=\"article:modified_time\" content=\"2025-05-07T19:36:08+00:00\" \/>\n<meta property=\"og:image\" content=\"https:\/\/www.zagis.com\/wp-content\/uploads\/2025\/01\/hero-contacto.webp\" \/>\n<meta name=\"twitter:card\" content=\"summary_large_image\" \/>\n<meta name=\"twitter:label1\" content=\"Est. reading time\" \/>\n\t<meta name=\"twitter:data1\" content=\"1 minute\" \/>\n<script type=\"application\/ld+json\" class=\"yoast-schema-graph\">{\"@context\":\"https:\/\/schema.org\",\"@graph\":[{\"@type\":\"WebPage\",\"@id\":\"https:\/\/www.zagis.com\/contacto\/\",\"url\":\"https:\/\/www.zagis.com\/contacto\/\",\"name\":\"Contacto - Zagis\",\"isPartOf\":{\"@id\":\"https:\/\/www.zagis.com\/#website\"},\"primaryImageOfPage\":{\"@id\":\"https:\/\/www.zagis.com\/contacto\/#primaryimage\"},\"image\":{\"@id\":\"https:\/\/www.zagis.com\/contacto\/#primaryimage\"},\"thumbnailUrl\":\"https:\/\/www.zagis.com\/wp-content\/uploads\/2025\/01\/hero-contacto.webp\",\"datePublished\":\"2025-01-28T23:34:41+00:00\",\"dateModified\":\"2025-05-07T19:36:08+00:00\",\"description\":\"\u00bfTienes dudas o necesitas m\u00e1s informaci\u00f3n? Cont\u00e1ctanos hoy mismo. En Zagis estamos para ayudarte.\",\"breadcrumb\":{\"@id\":\"https:\/\/www.zagis.com\/contacto\/#breadcrumb\"},\"inLanguage\":\"en-US\",\"potentialAction\":[{\"@type\":\"ReadAction\",\"target\":[\"https:\/\/www.zagis.com\/contacto\/\"]}]},{\"@type\":\"ImageObject\",\"inLanguage\":\"en-US\",\"@id\":\"https:\/\/www.zagis.com\/contacto\/#primaryimage\",\"url\":\"https:\/\/www.zagis.com\/wp-content\/uploads\/2025\/01\/hero-contacto.webp\",\"contentUrl\":\"https:\/\/www.zagis.com\/wp-content\/uploads\/2025\/01\/hero-contacto.webp\"},{\"@type\":\"BreadcrumbList\",\"@id\":\"https:\/\/www.zagis.com\/contacto\/#breadcrumb\",\"itemListElement\":[{\"@type\":\"ListItem\",\"position\":1,\"name\":\"Portada\",\"item\":\"https:\/\/www.zagis.com\/\"},{\"@type\":\"ListItem\",\"position\":2,\"name\":\"Contacto\"}]},{\"@type\":\"WebSite\",\"@id\":\"https:\/\/www.zagis.com\/#website\",\"url\":\"https:\/\/www.zagis.com\/\",\"name\":\"Zagis\",\"description\":\"Hilamos al Mundo\",\"publisher\":{\"@id\":\"https:\/\/www.zagis.com\/#organization\"},\"potentialAction\":[{\"@type\":\"SearchAction\",\"target\":{\"@type\":\"EntryPoint\",\"urlTemplate\":\"https:\/\/www.zagis.com\/?s={search_term_string}\"},\"query-input\":{\"@type\":\"PropertyValueSpecification\",\"valueRequired\":true,\"valueName\":\"search_term_string\"}}],\"inLanguage\":\"en-US\"},{\"@type\":\"Organization\",\"@id\":\"https:\/\/www.zagis.com\/#organization\",\"name\":\"Zagis\",\"url\":\"https:\/\/www.zagis.com\/\",\"logo\":{\"@type\":\"ImageObject\",\"inLanguage\":\"en-US\",\"@id\":\"https:\/\/www.zagis.com\/#\/schema\/logo\/image\/\",\"url\":\"https:\/\/www.zagis.com\/wp-content\/uploads\/2025\/01\/logotipo-zagis@4x.png\",\"contentUrl\":\"https:\/\/www.zagis.com\/wp-content\/uploads\/2025\/01\/logotipo-zagis@4x.png\",\"width\":1153,\"height\":318,\"caption\":\"Zagis\"},\"image\":{\"@id\":\"https:\/\/www.zagis.com\/#\/schema\/logo\/image\/\"}}]}<\/script>\n<!-- \/ Yoast SEO plugin. -->","yoast_head_json":{"title":"Contacto - Zagis","description":"\u00bfTienes dudas o necesitas m\u00e1s informaci\u00f3n? Cont\u00e1ctanos hoy mismo. En Zagis estamos para ayudarte.","robots":{"index":"index","follow":"follow","max-snippet":"max-snippet:-1","max-image-preview":"max-image-preview:large","max-video-preview":"max-video-preview:-1"},"canonical":"https:\/\/www.zagis.com\/en\/contacto\/","og_locale":"en_US","og_type":"article","og_title":"Contacto - Zagis","og_description":"\u00bfTienes dudas o necesitas m\u00e1s informaci\u00f3n? Cont\u00e1ctanos hoy mismo. En Zagis estamos para ayudarte.","og_url":"https:\/\/www.zagis.com\/en\/contacto\/","og_site_name":"Zagis","article_modified_time":"2025-05-07T19:36:08+00:00","og_image":[{"url":"https:\/\/www.zagis.com\/wp-content\/uploads\/2025\/01\/hero-contacto.webp","type":"","width":"","height":""}],"twitter_card":"summary_large_image","twitter_misc":{"Est. reading time":"1 minute"},"schema":{"@context":"https:\/\/schema.org","@graph":[{"@type":"WebPage","@id":"https:\/\/www.zagis.com\/contacto\/","url":"https:\/\/www.zagis.com\/contacto\/","name":"Contacto - Zagis","isPartOf":{"@id":"https:\/\/www.zagis.com\/#website"},"primaryImageOfPage":{"@id":"https:\/\/www.zagis.com\/contacto\/#primaryimage"},"image":{"@id":"https:\/\/www.zagis.com\/contacto\/#primaryimage"},"thumbnailUrl":"https:\/\/www.zagis.com\/wp-content\/uploads\/2025\/01\/hero-contacto.webp","datePublished":"2025-01-28T23:34:41+00:00","dateModified":"2025-05-07T19:36:08+00:00","description":"\u00bfTienes dudas o necesitas m\u00e1s informaci\u00f3n? Cont\u00e1ctanos hoy mismo. En Zagis estamos para ayudarte.","breadcrumb":{"@id":"https:\/\/www.zagis.com\/contacto\/#breadcrumb"},"inLanguage":"en-US","potentialAction":[{"@type":"ReadAction","target":["https:\/\/www.zagis.com\/contacto\/"]}]},{"@type":"ImageObject","inLanguage":"en-US","@id":"https:\/\/www.zagis.com\/contacto\/#primaryimage","url":"https:\/\/www.zagis.com\/wp-content\/uploads\/2025\/01\/hero-contacto.webp","contentUrl":"https:\/\/www.zagis.com\/wp-content\/uploads\/2025\/01\/hero-contacto.webp"},{"@type":"BreadcrumbList","@id":"https:\/\/www.zagis.com\/contacto\/#breadcrumb","itemListElement":[{"@type":"ListItem","position":1,"name":"Portada","item":"https:\/\/www.zagis.com\/"},{"@type":"ListItem","position":2,"name":"Contacto"}]},{"@type":"WebSite","@id":"https:\/\/www.zagis.com\/#website","url":"https:\/\/www.zagis.com\/","name":"Zagis","description":"Hilamos al Mundo","publisher":{"@id":"https:\/\/www.zagis.com\/#organization"},"potentialAction":[{"@type":"SearchAction","target":{"@type":"EntryPoint","urlTemplate":"https:\/\/www.zagis.com\/?s={search_term_string}"},"query-input":{"@type":"PropertyValueSpecification","valueRequired":true,"valueName":"search_term_string"}}],"inLanguage":"en-US"},{"@type":"Organization","@id":"https:\/\/www.zagis.com\/#organization","name":"Zagis","url":"https:\/\/www.zagis.com\/","logo":{"@type":"ImageObject","inLanguage":"en-US","@id":"https:\/\/www.zagis.com\/#\/schema\/logo\/image\/","url":"https:\/\/www.zagis.com\/wp-content\/uploads\/2025\/01\/logotipo-zagis@4x.png","contentUrl":"https:\/\/www.zagis.com\/wp-content\/uploads\/2025\/01\/logotipo-zagis@4x.png","width":1153,"height":318,"caption":"Zagis"},"image":{"@id":"https:\/\/www.zagis.com\/#\/schema\/logo\/image\/"}}]}},"_links":{"self":[{"href":"https:\/\/www.zagis.com\/en\/wp-json\/wp\/v2\/pages\/24","targetHints":{"allow":["GET"]}}],"collection":[{"href":"https:\/\/www.zagis.com\/en\/wp-json\/wp\/v2\/pages"}],"about":[{"href":"https:\/\/www.zagis.com\/en\/wp-json\/wp\/v2\/types\/page"}],"author":[{"embeddable":true,"href":"https:\/\/www.zagis.com\/en\/wp-json\/wp\/v2\/users\/1"}],"replies":[{"embeddable":true,"href":"https:\/\/www.zagis.com\/en\/wp-json\/wp\/v2\/comments?post=24"}],"version-history":[{"count":16,"href":"https:\/\/www.zagis.com\/en\/wp-json\/wp\/v2\/pages\/24\/revisions"}],"predecessor-version":[{"id":392,"href":"https:\/\/www.zagis.com\/en\/wp-json\/wp\/v2\/pages\/24\/revisions\/392"}],"wp:attachment":[{"href":"https:\/\/www.zagis.com\/en\/wp-json\/wp\/v2\/media?parent=24"}],"curies":[{"name":"wp","href":"https:\/\/api.w.org\/{rel}","templated":true}]}}