{"id":260,"date":"2025-01-29T23:58:24","date_gmt":"2025-01-29T23:58:24","guid":{"rendered":"https:\/\/www.zagis.com\/?page_id=260"},"modified":"2025-05-07T19:34:29","modified_gmt":"2025-05-07T19:34:29","slug":"hilo","status":"publish","type":"page","link":"https:\/\/www.zagis.com\/en\/productos\/hilo\/","title":{"rendered":"Hilo"},"content":{"rendered":"<div data-elementor-type=\"wp-page\" data-elementor-id=\"260\" class=\"elementor elementor-260\" data-elementor-post-type=\"page\">\n\t\t\t\t<div class=\"elementor-element elementor-element-3650349 e-con-full e-flex e-con e-parent\" data-id=\"3650349\" data-element_type=\"container\">\n\t\t\t\t<div class=\"elementor-element elementor-element-c1f1aa5 elementor-widget elementor-widget-image\" data-id=\"c1f1aa5\" data-element_type=\"widget\" data-widget_type=\"image.default\">\n\t\t\t\t<div class=\"elementor-widget-container\">\n\t\t\t\t\t\t\t\t\t\t\t\t\t\t\t<img fetchpriority=\"high\" decoding=\"async\" width=\"2400\" height=\"737\" src=\"https:\/\/www.zagis.com\/wp-content\/uploads\/2025\/02\/Zagis-Web-Products-scaled.webp\" class=\"attachment-full size-full wp-image-306\" alt=\"\" srcset=\"https:\/\/www.zagis.com\/wp-content\/uploads\/2025\/02\/Zagis-Web-Products-scaled.webp 2560w, https:\/\/www.zagis.com\/wp-content\/uploads\/2025\/02\/Zagis-Web-Products-300x93.webp 300w, https:\/\/www.zagis.com\/wp-content\/uploads\/2025\/02\/Zagis-Web-Products-1024x316.webp 1024w, https:\/\/www.zagis.com\/wp-content\/uploads\/2025\/02\/Zagis-Web-Products-768x237.webp 768w, https:\/\/www.zagis.com\/wp-content\/uploads\/2025\/02\/Zagis-Web-Products-1536x474.webp 1536w, https:\/\/www.zagis.com\/wp-content\/uploads\/2025\/02\/Zagis-Web-Products-2048x632.webp 2048w, https:\/\/www.zagis.com\/wp-content\/uploads\/2025\/02\/Zagis-Web-Products-18x6.webp 18w\" sizes=\"(max-width: 2400px) 100vw, 2400px\" \/>\t\t\t\t\t\t\t\t\t\t\t\t\t\t\t<\/div>\n\t\t\t\t<\/div>\n\t\t\t\t<\/div>\n\t\t<div class=\"elementor-element elementor-element-0af2c9f e-flex e-con-boxed e-con e-parent\" data-id=\"0af2c9f\" data-element_type=\"container\">\n\t\t\t\t\t<div class=\"e-con-inner\">\n\t\t<a class=\"elementor-element elementor-element-1e2cb14 e-con-full e-transform e-flex e-con e-child\" data-id=\"1e2cb14\" data-element_type=\"container\" data-settings=\"{&quot;background_background&quot;:&quot;classic&quot;,&quot;_transform_scale_effect_hover&quot;:{&quot;unit&quot;:&quot;px&quot;,&quot;size&quot;:1.02,&quot;sizes&quot;:[]},&quot;_transform_scale_effect_hover_tablet&quot;:{&quot;unit&quot;:&quot;px&quot;,&quot;size&quot;:&quot;&quot;,&quot;sizes&quot;:[]},&quot;_transform_scale_effect_hover_mobile&quot;:{&quot;unit&quot;:&quot;px&quot;,&quot;size&quot;:&quot;&quot;,&quot;sizes&quot;:[]}}\" href=\"#\">\n\t\t\t\t<div class=\"elementor-element elementor-element-e99b1c8 elementor-widget elementor-widget-heading\" data-id=\"e99b1c8\" data-element_type=\"widget\" data-widget_type=\"heading.default\">\n\t\t\t\t<div class=\"elementor-widget-container\">\n\t\t\t\t\t<h3 class=\"elementor-heading-title elementor-size-default\">Yarn<\/h3>\t\t\t\t<\/div>\n\t\t\t\t<\/div>\n\t\t\t\t<\/a>\n\t\t<a class=\"elementor-element elementor-element-317bb90 e-con-full e-transform e-transform e-flex e-con e-child\" data-id=\"317bb90\" data-element_type=\"container\" data-settings=\"{&quot;background_background&quot;:&quot;classic&quot;,&quot;_transform_scale_effect_hover&quot;:{&quot;unit&quot;:&quot;px&quot;,&quot;size&quot;:1.02,&quot;sizes&quot;:[]},&quot;_transform_scale_effect&quot;:{&quot;unit&quot;:&quot;px&quot;,&quot;size&quot;:&quot;&quot;,&quot;sizes&quot;:[]},&quot;_transform_scale_effect_tablet&quot;:{&quot;unit&quot;:&quot;px&quot;,&quot;size&quot;:&quot;&quot;,&quot;sizes&quot;:[]},&quot;_transform_scale_effect_mobile&quot;:{&quot;unit&quot;:&quot;px&quot;,&quot;size&quot;:&quot;&quot;,&quot;sizes&quot;:[]},&quot;_transform_scale_effect_hover_tablet&quot;:{&quot;unit&quot;:&quot;px&quot;,&quot;size&quot;:&quot;&quot;,&quot;sizes&quot;:[]},&quot;_transform_scale_effect_hover_mobile&quot;:{&quot;unit&quot;:&quot;px&quot;,&quot;size&quot;:&quot;&quot;,&quot;sizes&quot;:[]}}\" href=\"https:\/\/www.zagis.com\/en\/productos\/tela\/\">\n\t\t\t\t<div class=\"elementor-element elementor-element-1161b6f elementor-widget elementor-widget-heading\" data-id=\"1161b6f\" data-element_type=\"widget\" data-widget_type=\"heading.default\">\n\t\t\t\t<div class=\"elementor-widget-container\">\n\t\t\t\t\t<h3 class=\"elementor-heading-title elementor-size-default\">Fabrics<\/h3>\t\t\t\t<\/div>\n\t\t\t\t<\/div>\n\t\t\t\t<\/a>\n\t\t<a class=\"elementor-element elementor-element-7a74058 e-con-full e-transform e-transform e-flex e-con e-child\" data-id=\"7a74058\" data-element_type=\"container\" data-settings=\"{&quot;background_background&quot;:&quot;classic&quot;,&quot;_transform_scale_effect_hover&quot;:{&quot;unit&quot;:&quot;px&quot;,&quot;size&quot;:1.02,&quot;sizes&quot;:[]},&quot;_transform_scale_effect&quot;:{&quot;unit&quot;:&quot;px&quot;,&quot;size&quot;:&quot;&quot;,&quot;sizes&quot;:[]},&quot;_transform_scale_effect_tablet&quot;:{&quot;unit&quot;:&quot;px&quot;,&quot;size&quot;:&quot;&quot;,&quot;sizes&quot;:[]},&quot;_transform_scale_effect_mobile&quot;:{&quot;unit&quot;:&quot;px&quot;,&quot;size&quot;:&quot;&quot;,&quot;sizes&quot;:[]},&quot;_transform_scale_effect_hover_tablet&quot;:{&quot;unit&quot;:&quot;px&quot;,&quot;size&quot;:&quot;&quot;,&quot;sizes&quot;:[]},&quot;_transform_scale_effect_hover_mobile&quot;:{&quot;unit&quot;:&quot;px&quot;,&quot;size&quot;:&quot;&quot;,&quot;sizes&quot;:[]}}\" href=\"https:\/\/www.zagis.com\/en\/productos\/ropa\/\">\n\t\t\t\t<div class=\"elementor-element elementor-element-5302a50 elementor-widget elementor-widget-heading\" data-id=\"5302a50\" data-element_type=\"widget\" data-widget_type=\"heading.default\">\n\t\t\t\t<div class=\"elementor-widget-container\">\n\t\t\t\t\t<h3 class=\"elementor-heading-title elementor-size-default\">Garments<\/h3>\t\t\t\t<\/div>\n\t\t\t\t<\/div>\n\t\t\t\t<\/a>\n\t\t\t\t\t<\/div>\n\t\t\t\t<\/div>\n\t\t<div class=\"elementor-element elementor-element-f834e5f e-flex e-con-boxed e-con e-parent\" data-id=\"f834e5f\" data-element_type=\"container\">\n\t\t\t\t\t<div class=\"e-con-inner\">\n\t\t<div class=\"elementor-element elementor-element-b0b386b e-con-full e-flex e-con e-child\" data-id=\"b0b386b\" data-element_type=\"container\" data-settings=\"{&quot;background_background&quot;:&quot;classic&quot;}\">\n\t\t\t\t<div class=\"elementor-element elementor-element-f4f5d8a elementor-widget elementor-widget-text-editor\" data-id=\"f4f5d8a\" data-element_type=\"widget\" data-widget_type=\"text-editor.default\">\n\t\t\t\t<div class=\"elementor-widget-container\">\n\t\t\t\t\t\t\t\t\t<p>Thanks to state of the art technology we produce the best quality and most consistent yarns of the market from both natural and synthetic fibers:<\/p><p><strong>RING SPUN Ne: 12\/1 \u2013 80\/1<\/strong><\/p><table><tbody><tr><td><strong>100%<\/strong><\/td><td>Cotton Combed<\/td><\/tr><tr><td><strong>50% &#8211; 50%<\/strong><\/td><td>\u00a0Polyester- Cotton Combed<\/td><\/tr><tr><td><strong>65% &#8211; 35%<\/strong><\/td><td>\u00a0Polyester- Cotton Combed<\/td><\/tr><tr><td><strong>65% &#8211; 35%<\/strong><\/td><td>\u00a0Black Poly \u2013Cotton<\/td><\/tr><tr><td><strong>55% \/ 10% \/ 35%<\/strong><\/td><td>\u00a0Polyester \u2013Black Poly- Cotton<\/td><\/tr><tr><td><strong>90% &#8211; 10%<\/strong><\/td><td>\u00a0Cotton Combed \u2013 Black Poly<\/td><\/tr><tr><td><strong>100%<\/strong><\/td><td>\u00a0Cotton Carded<\/td><\/tr><tr><td><strong>50% &#8211; 50%<\/strong><\/td><td>\u00a0Polyester \u2013Cotton Carded<\/td><\/tr><tr><td><strong>65% &#8211; 35%<\/strong><\/td><td>\u00a0Polyester \u2013Cotton Carded<\/td><\/tr><tr><td><strong>90% &#8211; 10%<\/strong><\/td><td>\u00a0Cotton \u2013 Polyester<\/td><\/tr><tr><td><strong>90% &#8211; 10%<\/strong><\/td><td>\u00a0Cotton \u2013 Polyester<\/td><\/tr><tr><td><strong>99% &#8211; 1%<\/strong><\/td><td>\u00a0Cotton \u2013 Black Poly<\/td><\/tr><tr><td><strong>100%<\/strong><\/td><td>Polyester Short Fiber<\/td><\/tr><tr><td><strong>50% &#8211; 25% &#8211; 25%<\/strong><\/td><td>\u00a0Polyester - Cotton - Viscose<\/td><\/tr><\/tbody><\/table><p><strong>\u00a0OPENEND Ne: 6\/1 \u2013 30\/1\u00a0<\/strong><\/p><table><tbody><tr><td><strong>100% <\/strong><\/td><td>Cotton Open End<\/td><\/tr><tr><td><strong>50% &#8211; 50% <\/strong><\/td><td>Polyester - Cotton Open End<\/td><\/tr><tr><td><strong>60% &#8211; 40% <\/strong><\/td><td>Cotton - Polyester Open End<\/td><\/tr><tr><td><strong>90% &#8211; 10%<\/strong><\/td><td>Cotton\u2013 Black Poly<\/td><\/tr><\/tbody><\/table><p><strong>VORTEX Ne: 24\/1 \u2013 40\/1 <\/strong><\/p><table><tbody><tr><td><strong>100% <\/strong><\/td><td>Cotton Combed Vortex<\/td><\/tr><tr><td><strong>50% &#8211; 50%<\/strong><\/td><td>Polyester \u2013 Cotton Vortex<\/td><\/tr><\/tbody><\/table><p><strong>SPECIALITIES<\/strong><\/p><table><tbody><tr><td><strong>Core Spun <\/strong><\/td><td>Cotton With Filament Core Spun Yarns<\/td><\/tr><tr><td><strong>Compact Yarn <\/strong><\/td><td>100% Cotton COMPACT<\/td><\/tr><tr><td><strong>Premium Yarn <\/strong><\/td><td>Intimate Blend for Crossed Dye<\/td><\/tr><tr><td><strong>Privilege Yarn <\/strong><\/td><td>Slub Yarn<\/td><\/tr><tr><td><strong>MockTwist Yarn <\/strong><\/td><td>Mock Twist For Crossed Dye<\/td><\/tr><tr><td><strong>Snow Yarn <\/strong><\/td><td>Snow Yarn<\/td><\/tr><tr><td><strong>Two Ply Twist<\/strong><\/td><td>Two-Ply Yarns<\/td><\/tr><\/tbody><\/table>\t\t\t\t\t\t\t\t<\/div>\n\t\t\t\t<\/div>\n\t\t\t\t<\/div>\n\t\t\t\t\t<\/div>\n\t\t\t\t<\/div>\n\t\t\t\t<\/div>","protected":false},"excerpt":{"rendered":"<p>HILO tela Ropa Gracias a nuestra tecnolog\u00eda de punta hacemos los hilos de mayor calidad y consistencia en el mercado: RING SPUN Ne: 12\/1 \u2013 80\/1 100% Algod\u00f3n Peinado 50% &#8211; 50% \u00a0Poli\u00e9ster \u2013 Algod\u00f3n Peinado 65% &#8211; 35% \u00a0Poli\u00e9ster \u2013 Algod\u00f3n Peinado 65% &#8211; 35% \u00a0Poli\u00e9ster Negro \u2013 Algod\u00f3n (Jaspe Negro) 55% \/ 10% [&hellip;]<\/p>","protected":false},"author":1,"featured_media":0,"parent":16,"menu_order":0,"comment_status":"closed","ping_status":"closed","template":"","meta":{"footnotes":""},"class_list":["post-260","page","type-page","status-publish","hentry"],"yoast_head":"<!-- This site is optimized with the Yoast SEO plugin v25.0 - https:\/\/yoast.com\/wordpress\/plugins\/seo\/ -->\n<title>Hilo - Zagis<\/title>\n<meta name=\"description\" content=\"L\u00edderes en producci\u00f3n de hilo en M\u00e9xico. Ofrecemos hilos de la m\u00e1s alta calidad con tecnolog\u00eda de punta.\" \/>\n<meta name=\"robots\" content=\"index, follow, max-snippet:-1, max-image-preview:large, max-video-preview:-1\" \/>\n<link rel=\"canonical\" href=\"https:\/\/www.zagis.com\/en\/productos\/hilo\/\" \/>\n<meta property=\"og:locale\" content=\"en_US\" \/>\n<meta property=\"og:type\" content=\"article\" \/>\n<meta property=\"og:title\" content=\"Hilo - Zagis\" \/>\n<meta property=\"og:description\" content=\"L\u00edderes en producci\u00f3n de hilo en M\u00e9xico. Ofrecemos hilos de la m\u00e1s alta calidad con tecnolog\u00eda de punta.\" \/>\n<meta property=\"og:url\" content=\"https:\/\/www.zagis.com\/en\/productos\/hilo\/\" \/>\n<meta property=\"og:site_name\" content=\"Zagis\" \/>\n<meta property=\"article:modified_time\" content=\"2025-05-07T19:34:29+00:00\" \/>\n<meta property=\"og:image\" content=\"https:\/\/www.zagis.com\/wp-content\/uploads\/2025\/01\/banner-productos.webp\" \/>\n<meta name=\"twitter:card\" content=\"summary_large_image\" \/>\n<meta name=\"twitter:label1\" content=\"Est. reading time\" \/>\n\t<meta name=\"twitter:data1\" content=\"2 minutes\" \/>\n<script type=\"application\/ld+json\" class=\"yoast-schema-graph\">{\"@context\":\"https:\/\/schema.org\",\"@graph\":[{\"@type\":\"WebPage\",\"@id\":\"https:\/\/www.zagis.com\/productos\/hilo\/\",\"url\":\"https:\/\/www.zagis.com\/productos\/hilo\/\",\"name\":\"Hilo - Zagis\",\"isPartOf\":{\"@id\":\"https:\/\/www.zagis.com\/#website\"},\"primaryImageOfPage\":{\"@id\":\"https:\/\/www.zagis.com\/productos\/hilo\/#primaryimage\"},\"image\":{\"@id\":\"https:\/\/www.zagis.com\/productos\/hilo\/#primaryimage\"},\"thumbnailUrl\":\"https:\/\/www.zagis.com\/wp-content\/uploads\/2025\/01\/banner-productos.webp\",\"datePublished\":\"2025-01-29T23:58:24+00:00\",\"dateModified\":\"2025-05-07T19:34:29+00:00\",\"description\":\"L\u00edderes en producci\u00f3n de hilo en M\u00e9xico. Ofrecemos hilos de la m\u00e1s alta calidad con tecnolog\u00eda de punta.\",\"breadcrumb\":{\"@id\":\"https:\/\/www.zagis.com\/productos\/hilo\/#breadcrumb\"},\"inLanguage\":\"en-US\",\"potentialAction\":[{\"@type\":\"ReadAction\",\"target\":[\"https:\/\/www.zagis.com\/productos\/hilo\/\"]}]},{\"@type\":\"ImageObject\",\"inLanguage\":\"en-US\",\"@id\":\"https:\/\/www.zagis.com\/productos\/hilo\/#primaryimage\",\"url\":\"https:\/\/www.zagis.com\/wp-content\/uploads\/2025\/01\/banner-productos.webp\",\"contentUrl\":\"https:\/\/www.zagis.com\/wp-content\/uploads\/2025\/01\/banner-productos.webp\"},{\"@type\":\"BreadcrumbList\",\"@id\":\"https:\/\/www.zagis.com\/productos\/hilo\/#breadcrumb\",\"itemListElement\":[{\"@type\":\"ListItem\",\"position\":1,\"name\":\"Portada\",\"item\":\"https:\/\/www.zagis.com\/\"},{\"@type\":\"ListItem\",\"position\":2,\"name\":\"Productos\",\"item\":\"https:\/\/www.zagis.com\/productos\/\"},{\"@type\":\"ListItem\",\"position\":3,\"name\":\"Hilo\"}]},{\"@type\":\"WebSite\",\"@id\":\"https:\/\/www.zagis.com\/#website\",\"url\":\"https:\/\/www.zagis.com\/\",\"name\":\"Zagis\",\"description\":\"Hilamos al Mundo\",\"publisher\":{\"@id\":\"https:\/\/www.zagis.com\/#organization\"},\"potentialAction\":[{\"@type\":\"SearchAction\",\"target\":{\"@type\":\"EntryPoint\",\"urlTemplate\":\"https:\/\/www.zagis.com\/?s={search_term_string}\"},\"query-input\":{\"@type\":\"PropertyValueSpecification\",\"valueRequired\":true,\"valueName\":\"search_term_string\"}}],\"inLanguage\":\"en-US\"},{\"@type\":\"Organization\",\"@id\":\"https:\/\/www.zagis.com\/#organization\",\"name\":\"Zagis\",\"url\":\"https:\/\/www.zagis.com\/\",\"logo\":{\"@type\":\"ImageObject\",\"inLanguage\":\"en-US\",\"@id\":\"https:\/\/www.zagis.com\/#\/schema\/logo\/image\/\",\"url\":\"https:\/\/www.zagis.com\/wp-content\/uploads\/2025\/01\/logotipo-zagis@4x.png\",\"contentUrl\":\"https:\/\/www.zagis.com\/wp-content\/uploads\/2025\/01\/logotipo-zagis@4x.png\",\"width\":1153,\"height\":318,\"caption\":\"Zagis\"},\"image\":{\"@id\":\"https:\/\/www.zagis.com\/#\/schema\/logo\/image\/\"}}]}<\/script>\n<!-- \/ Yoast SEO plugin. -->","yoast_head_json":{"title":"Hilo - Zagis","description":"L\u00edderes en producci\u00f3n de hilo en M\u00e9xico. Ofrecemos hilos de la m\u00e1s alta calidad con tecnolog\u00eda de punta.","robots":{"index":"index","follow":"follow","max-snippet":"max-snippet:-1","max-image-preview":"max-image-preview:large","max-video-preview":"max-video-preview:-1"},"canonical":"https:\/\/www.zagis.com\/en\/productos\/hilo\/","og_locale":"en_US","og_type":"article","og_title":"Hilo - Zagis","og_description":"L\u00edderes en producci\u00f3n de hilo en M\u00e9xico. Ofrecemos hilos de la m\u00e1s alta calidad con tecnolog\u00eda de punta.","og_url":"https:\/\/www.zagis.com\/en\/productos\/hilo\/","og_site_name":"Zagis","article_modified_time":"2025-05-07T19:34:29+00:00","og_image":[{"url":"https:\/\/www.zagis.com\/wp-content\/uploads\/2025\/01\/banner-productos.webp","type":"","width":"","height":""}],"twitter_card":"summary_large_image","twitter_misc":{"Est. reading time":"2 minutes"},"schema":{"@context":"https:\/\/schema.org","@graph":[{"@type":"WebPage","@id":"https:\/\/www.zagis.com\/productos\/hilo\/","url":"https:\/\/www.zagis.com\/productos\/hilo\/","name":"Hilo - Zagis","isPartOf":{"@id":"https:\/\/www.zagis.com\/#website"},"primaryImageOfPage":{"@id":"https:\/\/www.zagis.com\/productos\/hilo\/#primaryimage"},"image":{"@id":"https:\/\/www.zagis.com\/productos\/hilo\/#primaryimage"},"thumbnailUrl":"https:\/\/www.zagis.com\/wp-content\/uploads\/2025\/01\/banner-productos.webp","datePublished":"2025-01-29T23:58:24+00:00","dateModified":"2025-05-07T19:34:29+00:00","description":"L\u00edderes en producci\u00f3n de hilo en M\u00e9xico. Ofrecemos hilos de la m\u00e1s alta calidad con tecnolog\u00eda de punta.","breadcrumb":{"@id":"https:\/\/www.zagis.com\/productos\/hilo\/#breadcrumb"},"inLanguage":"en-US","potentialAction":[{"@type":"ReadAction","target":["https:\/\/www.zagis.com\/productos\/hilo\/"]}]},{"@type":"ImageObject","inLanguage":"en-US","@id":"https:\/\/www.zagis.com\/productos\/hilo\/#primaryimage","url":"https:\/\/www.zagis.com\/wp-content\/uploads\/2025\/01\/banner-productos.webp","contentUrl":"https:\/\/www.zagis.com\/wp-content\/uploads\/2025\/01\/banner-productos.webp"},{"@type":"BreadcrumbList","@id":"https:\/\/www.zagis.com\/productos\/hilo\/#breadcrumb","itemListElement":[{"@type":"ListItem","position":1,"name":"Portada","item":"https:\/\/www.zagis.com\/"},{"@type":"ListItem","position":2,"name":"Productos","item":"https:\/\/www.zagis.com\/productos\/"},{"@type":"ListItem","position":3,"name":"Hilo"}]},{"@type":"WebSite","@id":"https:\/\/www.zagis.com\/#website","url":"https:\/\/www.zagis.com\/","name":"Zagis","description":"Hilamos al Mundo","publisher":{"@id":"https:\/\/www.zagis.com\/#organization"},"potentialAction":[{"@type":"SearchAction","target":{"@type":"EntryPoint","urlTemplate":"https:\/\/www.zagis.com\/?s={search_term_string}"},"query-input":{"@type":"PropertyValueSpecification","valueRequired":true,"valueName":"search_term_string"}}],"inLanguage":"en-US"},{"@type":"Organization","@id":"https:\/\/www.zagis.com\/#organization","name":"Zagis","url":"https:\/\/www.zagis.com\/","logo":{"@type":"ImageObject","inLanguage":"en-US","@id":"https:\/\/www.zagis.com\/#\/schema\/logo\/image\/","url":"https:\/\/www.zagis.com\/wp-content\/uploads\/2025\/01\/logotipo-zagis@4x.png","contentUrl":"https:\/\/www.zagis.com\/wp-content\/uploads\/2025\/01\/logotipo-zagis@4x.png","width":1153,"height":318,"caption":"Zagis"},"image":{"@id":"https:\/\/www.zagis.com\/#\/schema\/logo\/image\/"}}]}},"_links":{"self":[{"href":"https:\/\/www.zagis.com\/en\/wp-json\/wp\/v2\/pages\/260","targetHints":{"allow":["GET"]}}],"collection":[{"href":"https:\/\/www.zagis.com\/en\/wp-json\/wp\/v2\/pages"}],"about":[{"href":"https:\/\/www.zagis.com\/en\/wp-json\/wp\/v2\/types\/page"}],"author":[{"embeddable":true,"href":"https:\/\/www.zagis.com\/en\/wp-json\/wp\/v2\/users\/1"}],"replies":[{"embeddable":true,"href":"https:\/\/www.zagis.com\/en\/wp-json\/wp\/v2\/comments?post=260"}],"version-history":[{"count":19,"href":"https:\/\/www.zagis.com\/en\/wp-json\/wp\/v2\/pages\/260\/revisions"}],"predecessor-version":[{"id":339,"href":"https:\/\/www.zagis.com\/en\/wp-json\/wp\/v2\/pages\/260\/revisions\/339"}],"up":[{"embeddable":true,"href":"https:\/\/www.zagis.com\/en\/wp-json\/wp\/v2\/pages\/16"}],"wp:attachment":[{"href":"https:\/\/www.zagis.com\/en\/wp-json\/wp\/v2\/media?parent=260"}],"curies":[{"name":"wp","href":"https:\/\/api.w.org\/{rel}","templated":true}]}}